{"id":5646,"date":"2019-12-18T09:35:13","date_gmt":"2019-12-18T08:35:13","guid":{"rendered":"https:\/\/www.decovarte.com\/?page_id=5646"},"modified":"2019-12-18T10:34:47","modified_gmt":"2019-12-18T09:34:47","slug":"decovarte-tips","status":"publish","type":"page","link":"https:\/\/www.decovarte.com\/en\/decovarte-tips\/","title":{"rendered":"DECOVARTE TIPS"},"content":{"rendered":"<p><div class=\"fusion-fullwidth fullwidth-box fusion-builder-row-1 hundred-percent-fullwidth non-hundred-percent-height-scrolling\" style=\"--awb-border-radius-top-left:0px;--awb-border-radius-top-right:0px;--awb-border-radius-bottom-right:0px;--awb-border-radius-bottom-left:0px;--awb-margin-top:-60px;--awb-background-color:#8c95a3;--awb-flex-wrap:wrap;\" ><div class=\"fusion-builder-row fusion-row\"><div class=\"fusion-layout-column fusion_builder_column fusion-builder-column-0 fusion_builder_column_1_1 1_1 fusion-one-full fusion-column-first fusion-column-last\" style=\"--awb-padding-top:20px;--awb-padding-bottom:20px;--awb-bg-size:cover;\"><div class=\"fusion-column-wrapper fusion-column-has-shadow fusion-flex-column-wrapper-legacy\"><div class=\"fusion-text fusion-text-1\"><h1 style=\"text-align: center;\"><span style=\"color: #ffffff;\"><b>DECOVARTE TIPS<\/b><\/span><\/h1>\n<\/div><div class=\"fusion-clearfix\"><\/div><\/div><\/div><\/div><\/div><div class=\"fusion-fullwidth fullwidth-box fusion-builder-row-2 nonhundred-percent-fullwidth non-hundred-percent-height-scrolling\" style=\"--awb-border-radius-top-left:0px;--awb-border-radius-top-right:0px;--awb-border-radius-bottom-right:0px;--awb-border-radius-bottom-left:0px;--awb-flex-wrap:wrap;\" ><div class=\"fusion-builder-row fusion-row\"><div class=\"fusion-layout-column fusion_builder_column fusion-builder-column-1 fusion_builder_column_1_1 1_1 fusion-one-full fusion-column-first fusion-column-last\" style=\"--awb-bg-size:cover;\"><div class=\"fusion-column-wrapper fusion-column-has-shadow fusion-flex-column-wrapper-legacy\"><div class=\"fusion-title title fusion-title-1 sep-underline sep-solid fusion-title-text fusion-title-size-one\"><h1 class=\"fusion-title-heading title-heading-left fusion-responsive-typography-calculated\" style=\"margin:0;--fontSize:35;line-height:1.16;\"><div>Here we will provide you with super practical tips related to the world of furniture and decoration. Do not miss them.<\/div><\/h1><\/div><div class=\"fusion-recent-posts fusion-recent-posts-1 avada-container layout-thumbnails-on-side layout-columns-2\"><section class=\"fusion-columns columns fusion-columns-2 columns-2\"><article class=\"post fusion-column column col col-lg-6 col-md-6 col-sm-6\"><div class=\"fusion-flexslider fusion-flexslider-loading flexslider floated-slideshow flexslider-hover-type-none\"><ul class=\"slides\"><li><a href=\"https:\/\/www.decovarte.com\/en\/furniture-trends-in-2023\/\" aria-label=\"Furniture trends in 2023\" class=\"hover-type-none\"><img width=\"200\" height=\"108\" src=\"https:\/\/www.decovarte.com\/wp-content\/uploads\/2023\/03\/Screenshot-2023-03-29-at-17.25.25.png\" class=\"attachment-fusion-200 size-fusion-200\" alt=\"\" decoding=\"async\" srcset=\"https:\/\/www.decovarte.com\/wp-content\/uploads\/2023\/03\/Screenshot-2023-03-29-at-17.25.25-200x108.png 200w, https:\/\/www.decovarte.com\/wp-content\/uploads\/2023\/03\/Screenshot-2023-03-29-at-17.25.25-300x161.png 300w, https:\/\/www.decovarte.com\/wp-content\/uploads\/2023\/03\/Screenshot-2023-03-29-at-17.25.25-400x215.png 400w, https:\/\/www.decovarte.com\/wp-content\/uploads\/2023\/03\/Screenshot-2023-03-29-at-17.25.25-600x323.png 600w, https:\/\/www.decovarte.com\/wp-content\/uploads\/2023\/03\/Screenshot-2023-03-29-at-17.25.25-768x413.png 768w, https:\/\/www.decovarte.com\/wp-content\/uploads\/2023\/03\/Screenshot-2023-03-29-at-17.25.25-800x430.png 800w, https:\/\/www.decovarte.com\/wp-content\/uploads\/2023\/03\/Screenshot-2023-03-29-at-17.25.25-1024x551.png 1024w, https:\/\/www.decovarte.com\/wp-content\/uploads\/2023\/03\/Screenshot-2023-03-29-at-17.25.25-1200x646.png 1200w, https:\/\/www.decovarte.com\/wp-content\/uploads\/2023\/03\/Screenshot-2023-03-29-at-17.25.25-1536x826.png 1536w, https:\/\/www.decovarte.com\/wp-content\/uploads\/2023\/03\/Screenshot-2023-03-29-at-17.25.25.png 2052w\" sizes=\"(max-width: 200px) 100vw, 200px\" \/><\/a><\/li><\/ul><\/div><div class=\"recent-posts-content\"><span class=\"vcard\" style=\"display: none;\"><span class=\"fn\"><a href=\"https:\/\/www.decovarte.com\/en\/author\/decovarte\/\" title=\"Posts by Decovarte Editor\" rel=\"author\">Decovarte Editor<\/a><\/span><\/span><span class=\"updated\" style=\"display:none;\">2023-03-30T13:42:28+02:00<\/span><h4 class=\"entry-title\"><a href=\"https:\/\/www.decovarte.com\/en\/furniture-trends-in-2023\/\">Furniture trends in 2023<\/a><\/h4><p class=\"meta\"><span class=\"vcard\" style=\"display: none;\"><span class=\"fn\"><a href=\"https:\/\/www.decovarte.com\/en\/author\/decovarte\/\" title=\"Posts by Decovarte Editor\" rel=\"author\">Decovarte Editor<\/a><\/span><\/span><span class=\"updated\" style=\"display:none;\">2023-03-30T13:42:28+02:00<\/span><\/p><\/div><\/article><article class=\"post fusion-column column col col-lg-6 col-md-6 col-sm-6\"><div class=\"fusion-flexslider fusion-flexslider-loading flexslider floated-slideshow flexslider-hover-type-none\"><ul class=\"slides\"><li><a href=\"https:\/\/www.decovarte.com\/en\/the-importance-of-decorating\/\" aria-label=\"The importance of decorating\" class=\"hover-type-none\"><img width=\"200\" height=\"112\" src=\"https:\/\/www.decovarte.com\/wp-content\/uploads\/2023\/03\/Aparadores-salon-1.png\" class=\"attachment-fusion-200 size-fusion-200\" alt=\"\" decoding=\"async\" srcset=\"https:\/\/www.decovarte.com\/wp-content\/uploads\/2023\/03\/Aparadores-salon-1-200x112.png 200w, https:\/\/www.decovarte.com\/wp-content\/uploads\/2023\/03\/Aparadores-salon-1-300x169.png 300w, https:\/\/www.decovarte.com\/wp-content\/uploads\/2023\/03\/Aparadores-salon-1-400x225.png 400w, https:\/\/www.decovarte.com\/wp-content\/uploads\/2023\/03\/Aparadores-salon-1-600x337.png 600w, https:\/\/www.decovarte.com\/wp-content\/uploads\/2023\/03\/Aparadores-salon-1-768x432.png 768w, https:\/\/www.decovarte.com\/wp-content\/uploads\/2023\/03\/Aparadores-salon-1-800x450.png 800w, https:\/\/www.decovarte.com\/wp-content\/uploads\/2023\/03\/Aparadores-salon-1-1024x576.png 1024w, https:\/\/www.decovarte.com\/wp-content\/uploads\/2023\/03\/Aparadores-salon-1-1200x675.png 1200w, https:\/\/www.decovarte.com\/wp-content\/uploads\/2023\/03\/Aparadores-salon-1.png 1490w\" sizes=\"(max-width: 200px) 100vw, 200px\" \/><\/a><\/li><\/ul><\/div><div class=\"recent-posts-content\"><span class=\"vcard\" style=\"display: none;\"><span class=\"fn\"><a href=\"https:\/\/www.decovarte.com\/en\/author\/decovarte\/\" title=\"Posts by Decovarte Editor\" rel=\"author\">Decovarte Editor<\/a><\/span><\/span><span class=\"updated\" style=\"display:none;\">2023-03-16T17:42:19+01:00<\/span><h4 class=\"entry-title\"><a href=\"https:\/\/www.decovarte.com\/en\/the-importance-of-decorating\/\">The importance of decorating<\/a><\/h4><p class=\"meta\"><span class=\"vcard\" style=\"display: none;\"><span class=\"fn\"><a href=\"https:\/\/www.decovarte.com\/en\/author\/decovarte\/\" title=\"Posts by Decovarte Editor\" rel=\"author\">Decovarte Editor<\/a><\/span><\/span><span class=\"updated\" style=\"display:none;\">2023-03-16T17:42:19+01:00<\/span><\/p><\/div><\/article><article class=\"post fusion-column column col col-lg-6 col-md-6 col-sm-6\"><div class=\"fusion-flexslider fusion-flexslider-loading flexslider floated-slideshow flexslider-hover-type-none\"><ul class=\"slides\"><li><a href=\"https:\/\/www.decovarte.com\/en\/how-to-make-changes-at-home-without-reforms\/\" aria-label=\"How to make changes at home without reforms\" class=\"hover-type-none\"><img width=\"200\" height=\"108\" src=\"https:\/\/www.decovarte.com\/wp-content\/uploads\/2023\/03\/Screenshot-2023-03-02-at-18.02.56.png\" class=\"attachment-fusion-200 size-fusion-200\" alt=\"Como hacer cambios en casa sin obras\" decoding=\"async\" srcset=\"https:\/\/www.decovarte.com\/wp-content\/uploads\/2023\/03\/Screenshot-2023-03-02-at-18.02.56-200x108.png 200w, https:\/\/www.decovarte.com\/wp-content\/uploads\/2023\/03\/Screenshot-2023-03-02-at-18.02.56-300x162.png 300w, https:\/\/www.decovarte.com\/wp-content\/uploads\/2023\/03\/Screenshot-2023-03-02-at-18.02.56-400x215.png 400w, https:\/\/www.decovarte.com\/wp-content\/uploads\/2023\/03\/Screenshot-2023-03-02-at-18.02.56-600x323.png 600w, https:\/\/www.decovarte.com\/wp-content\/uploads\/2023\/03\/Screenshot-2023-03-02-at-18.02.56-768x414.png 768w, https:\/\/www.decovarte.com\/wp-content\/uploads\/2023\/03\/Screenshot-2023-03-02-at-18.02.56-800x431.png 800w, https:\/\/www.decovarte.com\/wp-content\/uploads\/2023\/03\/Screenshot-2023-03-02-at-18.02.56-1024x551.png 1024w, https:\/\/www.decovarte.com\/wp-content\/uploads\/2023\/03\/Screenshot-2023-03-02-at-18.02.56-1200x646.png 1200w, https:\/\/www.decovarte.com\/wp-content\/uploads\/2023\/03\/Screenshot-2023-03-02-at-18.02.56-1536x827.png 1536w, https:\/\/www.decovarte.com\/wp-content\/uploads\/2023\/03\/Screenshot-2023-03-02-at-18.02.56.png 2050w\" sizes=\"(max-width: 200px) 100vw, 200px\" \/><\/a><\/li><\/ul><\/div><div class=\"recent-posts-content\"><span class=\"vcard\" style=\"display: none;\"><span class=\"fn\"><a href=\"https:\/\/www.decovarte.com\/en\/author\/decovarte\/\" title=\"Posts by Decovarte Editor\" rel=\"author\">Decovarte Editor<\/a><\/span><\/span><span class=\"updated\" style=\"display:none;\">2023-03-03T15:03:47+01:00<\/span><h4 class=\"entry-title\"><a href=\"https:\/\/www.decovarte.com\/en\/how-to-make-changes-at-home-without-reforms\/\">How to make changes at home without reforms<\/a><\/h4><p class=\"meta\"><span class=\"vcard\" style=\"display: none;\"><span class=\"fn\"><a href=\"https:\/\/www.decovarte.com\/en\/author\/decovarte\/\" title=\"Posts by Decovarte Editor\" rel=\"author\">Decovarte Editor<\/a><\/span><\/span><span class=\"updated\" style=\"display:none;\">2023-03-03T15:03:47+01:00<\/span><\/p><\/div><\/article><article class=\"post fusion-column column col col-lg-6 col-md-6 col-sm-6\"><div class=\"fusion-flexslider fusion-flexslider-loading flexslider floated-slideshow flexslider-hover-type-none\"><ul class=\"slides\"><li><a href=\"https:\/\/www.decovarte.com\/en\/tips-to-achieve-a-warm-atmosphere-at-home\/\" aria-label=\"Tips to achieve a warm atmosphere at home\" class=\"hover-type-none\"><img width=\"200\" height=\"200\" src=\"https:\/\/www.decovarte.com\/wp-content\/uploads\/2023\/02\/calido-edited-e1677154585891.jpeg\" class=\"attachment-fusion-200 size-fusion-200\" alt=\"ambiente calido en casa\" decoding=\"async\" \/><\/a><\/li><\/ul><\/div><div class=\"recent-posts-content\"><span class=\"vcard\" style=\"display: none;\"><span class=\"fn\"><a href=\"https:\/\/www.decovarte.com\/en\/author\/decovarte\/\" title=\"Posts by Decovarte Editor\" rel=\"author\">Decovarte Editor<\/a><\/span><\/span><span class=\"updated\" style=\"display:none;\">2023-02-23T15:42:19+01:00<\/span><h4 class=\"entry-title\"><a href=\"https:\/\/www.decovarte.com\/en\/tips-to-achieve-a-warm-atmosphere-at-home\/\">Tips to achieve a warm atmosphere at home<\/a><\/h4><p class=\"meta\"><span class=\"vcard\" style=\"display: none;\"><span class=\"fn\"><a href=\"https:\/\/www.decovarte.com\/en\/author\/decovarte\/\" title=\"Posts by Decovarte Editor\" rel=\"author\">Decovarte Editor<\/a><\/span><\/span><span class=\"updated\" style=\"display:none;\">2023-02-23T15:42:19+01:00<\/span><\/p><\/div><\/article><article class=\"post fusion-column column col col-lg-6 col-md-6 col-sm-6\"><div class=\"fusion-flexslider fusion-flexslider-loading flexslider floated-slideshow flexslider-hover-type-none\"><ul class=\"slides\"><li><a href=\"https:\/\/www.decovarte.com\/en\/8-tricks-for-your-house-to-reflect-your-personality\/\" aria-label=\"8 tricks for your house to reflect your personality\" class=\"hover-type-none\"><img width=\"200\" height=\"84\" src=\"https:\/\/www.decovarte.com\/wp-content\/uploads\/2020\/02\/iluminacion-8-consejos.jpg\" class=\"attachment-fusion-200 size-fusion-200\" alt=\"Decovarte How to illuminate the dining area\" decoding=\"async\" srcset=\"https:\/\/www.decovarte.com\/wp-content\/uploads\/2020\/02\/iluminacion-8-consejos-200x84.jpg 200w, https:\/\/www.decovarte.com\/wp-content\/uploads\/2020\/02\/iluminacion-8-consejos-300x126.jpg 300w, https:\/\/www.decovarte.com\/wp-content\/uploads\/2020\/02\/iluminacion-8-consejos-400x168.jpg 400w, https:\/\/www.decovarte.com\/wp-content\/uploads\/2020\/02\/iluminacion-8-consejos-600x252.jpg 600w, https:\/\/www.decovarte.com\/wp-content\/uploads\/2020\/02\/iluminacion-8-consejos-768x323.jpg 768w, https:\/\/www.decovarte.com\/wp-content\/uploads\/2020\/02\/iluminacion-8-consejos-800x336.jpg 800w, https:\/\/www.decovarte.com\/wp-content\/uploads\/2020\/02\/iluminacion-8-consejos-940x400.jpg 940w, https:\/\/www.decovarte.com\/wp-content\/uploads\/2020\/02\/iluminacion-8-consejos-1024x430.jpg 1024w, https:\/\/www.decovarte.com\/wp-content\/uploads\/2020\/02\/iluminacion-8-consejos-1200x504.jpg 1200w, https:\/\/www.decovarte.com\/wp-content\/uploads\/2020\/02\/iluminacion-8-consejos.jpg 1500w\" sizes=\"(max-width: 200px) 100vw, 200px\" \/><\/a><\/li><\/ul><\/div><div class=\"recent-posts-content\"><span class=\"vcard\" style=\"display: none;\"><span class=\"fn\"><a href=\"https:\/\/www.decovarte.com\/en\/author\/wpadmin\/\" title=\"Posts by wpadmin\" rel=\"author\">wpadmin<\/a><\/span><\/span><span class=\"updated\" style=\"display:none;\">2023-03-02T17:14:06+01:00<\/span><h4 class=\"entry-title\"><a href=\"https:\/\/www.decovarte.com\/en\/8-tricks-for-your-house-to-reflect-your-personality\/\">8 tricks for your house to reflect your personality<\/a><\/h4><p class=\"meta\"><span class=\"vcard\" style=\"display: none;\"><span class=\"fn\"><a href=\"https:\/\/www.decovarte.com\/en\/author\/wpadmin\/\" title=\"Posts by wpadmin\" rel=\"author\">wpadmin<\/a><\/span><\/span><span class=\"updated\" style=\"display:none;\">2023-03-02T17:14:06+01:00<\/span><\/p><\/div><\/article><article class=\"post fusion-column column col col-lg-6 col-md-6 col-sm-6\"><div class=\"fusion-flexslider fusion-flexslider-loading flexslider floated-slideshow flexslider-hover-type-none\"><ul class=\"slides\"><li><a href=\"https:\/\/www.decovarte.com\/en\/3-tips-for-lighting-your-hall\/\" aria-label=\"3 tips for lighting your hall\" class=\"hover-type-none\"><img width=\"200\" height=\"100\" src=\"https:\/\/www.decovarte.com\/wp-content\/uploads\/2020\/02\/salon-luz-sofa.jpg\" class=\"attachment-fusion-200 size-fusion-200\" alt=\"Decovarte how to illuminate the sofa area\" decoding=\"async\" srcset=\"https:\/\/www.decovarte.com\/wp-content\/uploads\/2020\/02\/salon-luz-sofa-200x100.jpg 200w, https:\/\/www.decovarte.com\/wp-content\/uploads\/2020\/02\/salon-luz-sofa-300x150.jpg 300w, https:\/\/www.decovarte.com\/wp-content\/uploads\/2020\/02\/salon-luz-sofa-400x200.jpg 400w, https:\/\/www.decovarte.com\/wp-content\/uploads\/2020\/02\/salon-luz-sofa-540x272.jpg 540w, https:\/\/www.decovarte.com\/wp-content\/uploads\/2020\/02\/salon-luz-sofa-600x300.jpg 600w, https:\/\/www.decovarte.com\/wp-content\/uploads\/2020\/02\/salon-luz-sofa-768x384.jpg 768w, https:\/\/www.decovarte.com\/wp-content\/uploads\/2020\/02\/salon-luz-sofa-800x400.jpg 800w, https:\/\/www.decovarte.com\/wp-content\/uploads\/2020\/02\/salon-luz-sofa.jpg 1024w\" sizes=\"(max-width: 200px) 100vw, 200px\" \/><\/a><\/li><\/ul><\/div><div class=\"recent-posts-content\"><span class=\"vcard\" style=\"display: none;\"><span class=\"fn\"><a href=\"https:\/\/www.decovarte.com\/en\/author\/wpadmin\/\" title=\"Posts by wpadmin\" rel=\"author\">wpadmin<\/a><\/span><\/span><span class=\"updated\" style=\"display:none;\">2023-03-02T17:15:05+01:00<\/span><h4 class=\"entry-title\"><a href=\"https:\/\/www.decovarte.com\/en\/3-tips-for-lighting-your-hall\/\">3 tips for lighting your hall<\/a><\/h4><p class=\"meta\"><span class=\"vcard\" style=\"display: none;\"><span class=\"fn\"><a href=\"https:\/\/www.decovarte.com\/en\/author\/wpadmin\/\" title=\"Posts by wpadmin\" rel=\"author\">wpadmin<\/a><\/span><\/span><span class=\"updated\" style=\"display:none;\">2023-03-02T17:15:05+01:00<\/span><\/p><\/div><\/article><\/section><div class=\"pagination clearfix\"><span class=\"current\">1<\/span><a href=\"https:\/\/www.decovarte.com\/en\/wp-json\/wp\/v2\/pages\/5646\/page\/2\/\" class=\"inactive\">2<\/a><a class=\"pagination-next\" rel=\"next\" href=\"https:\/\/www.decovarte.com\/en\/wp-json\/wp\/v2\/pages\/5646\/page\/2\/\"><span class=\"page-text\">Next<\/span><span class=\"page-next\"><\/span><\/a><\/div><div class=\"fusion-clearfix\"><\/div><\/div><div class=\"fusion-clearfix\"><\/div><\/div><\/div><\/div><\/div><\/p>\n","protected":false},"excerpt":{"rendered":"<p>full<\/p>\n","protected":false},"author":1,"featured_media":0,"parent":0,"menu_order":0,"comment_status":"closed","ping_status":"closed","template":"100-width.php","meta":[],"yoast_head":"<!-- This site is optimized with the Yoast SEO plugin v21.5 - https:\/\/yoast.com\/wordpress\/plugins\/seo\/ -->\n<title>DECOVARTE TIPS | Decovarte<\/title>\n<meta name=\"description\" content=\"En Decovarte contamos con mas de 15 a\u00f1os de experiencia en el sector del mueble. En nuestro showroom de 1.600 m2, encontrar\u00e1 la mejor selecci\u00f3n de muebles de salon, dormitorios, descanso y jardin, y todo, al mejor precio garantizado. Tu tienda de muebles y decoraci\u00f3n en Murcia.\" \/>\n<meta name=\"robots\" content=\"index, follow, max-snippet:-1, max-image-preview:large, max-video-preview:-1\" \/>\n<link rel=\"canonical\" href=\"https:\/\/www.decovarte.com\/decovarte-tips\/\" \/>\n<meta property=\"og:locale\" content=\"en_US\" \/>\n<meta property=\"og:type\" content=\"article\" \/>\n<meta property=\"og:title\" content=\"DECOVARTE TIPS | Decovarte\" \/>\n<meta property=\"og:description\" content=\"En Decovarte contamos con mas de 15 a\u00f1os de experiencia en el sector del mueble. En nuestro showroom de 1.600 m2, encontrar\u00e1 la mejor selecci\u00f3n de muebles de salon, dormitorios, descanso y jardin, y todo, al mejor precio garantizado. Tu tienda de muebles y decoraci\u00f3n en Murcia.\" \/>\n<meta property=\"og:url\" content=\"https:\/\/www.decovarte.com\/decovarte-tips\/\" \/>\n<meta property=\"og:site_name\" content=\"Decovarte\" \/>\n<meta property=\"article:publisher\" content=\"https:\/\/www.facebook.com\/decovarteinteriorismo\/\" \/>\n<meta property=\"article:modified_time\" content=\"2019-12-18T09:34:47+00:00\" \/>\n<meta name=\"twitter:card\" content=\"summary_large_image\" \/>\n<meta name=\"twitter:label1\" content=\"Est. reading time\" \/>\n\t<meta name=\"twitter:data1\" content=\"3 minutes\" \/>\n<script type=\"application\/ld+json\" class=\"yoast-schema-graph\">{\"@context\":\"https:\/\/schema.org\",\"@graph\":[{\"@type\":\"WebPage\",\"@id\":\"https:\/\/www.decovarte.com\/decovarte-tips\/\",\"url\":\"https:\/\/www.decovarte.com\/decovarte-tips\/\",\"name\":\"DECOVARTE TIPS | Decovarte\",\"isPartOf\":{\"@id\":\"https:\/\/www.decovarte.com\/#website\"},\"datePublished\":\"2019-12-18T08:35:13+00:00\",\"dateModified\":\"2019-12-18T09:34:47+00:00\",\"description\":\"En Decovarte contamos con mas de 15 a\u00f1os de experiencia en el sector del mueble. En nuestro showroom de 1.600 m2, encontrar\u00e1 la mejor selecci\u00f3n de muebles de salon, dormitorios, descanso y jardin, y todo, al mejor precio garantizado. Tu tienda de muebles y decoraci\u00f3n en Murcia.\",\"breadcrumb\":{\"@id\":\"https:\/\/www.decovarte.com\/decovarte-tips\/#breadcrumb\"},\"inLanguage\":\"en-US\",\"potentialAction\":[{\"@type\":\"ReadAction\",\"target\":[\"https:\/\/www.decovarte.com\/decovarte-tips\/\"]}]},{\"@type\":\"BreadcrumbList\",\"@id\":\"https:\/\/www.decovarte.com\/decovarte-tips\/#breadcrumb\",\"itemListElement\":[{\"@type\":\"ListItem\",\"position\":1,\"name\":\"Portada\",\"item\":\"https:\/\/www.decovarte.com\/en\/\"},{\"@type\":\"ListItem\",\"position\":2,\"name\":\"DECOVARTE TIPS\"}]},{\"@type\":\"WebSite\",\"@id\":\"https:\/\/www.decovarte.com\/#website\",\"url\":\"https:\/\/www.decovarte.com\/\",\"name\":\"Decovarte\",\"description\":\"Tienda de Muebles y Decoraci\u00f3n\",\"publisher\":{\"@id\":\"https:\/\/www.decovarte.com\/#organization\"},\"potentialAction\":[{\"@type\":\"SearchAction\",\"target\":{\"@type\":\"EntryPoint\",\"urlTemplate\":\"https:\/\/www.decovarte.com\/?s={search_term_string}\"},\"query-input\":\"required name=search_term_string\"}],\"inLanguage\":\"en-US\"},{\"@type\":\"Organization\",\"@id\":\"https:\/\/www.decovarte.com\/#organization\",\"name\":\"Decovarte\",\"url\":\"https:\/\/www.decovarte.com\/\",\"logo\":{\"@type\":\"ImageObject\",\"inLanguage\":\"en-US\",\"@id\":\"https:\/\/www.decovarte.com\/#\/schema\/logo\/image\/\",\"url\":\"https:\/\/www.decovarte.com\/wp-content\/uploads\/2019\/01\/logoFull512x512.jpg\",\"contentUrl\":\"https:\/\/www.decovarte.com\/wp-content\/uploads\/2019\/01\/logoFull512x512.jpg\",\"width\":512,\"height\":512,\"caption\":\"Decovarte\"},\"image\":{\"@id\":\"https:\/\/www.decovarte.com\/#\/schema\/logo\/image\/\"},\"sameAs\":[\"https:\/\/www.facebook.com\/decovarteinteriorismo\/\",\"https:\/\/www.youtube.com\/channel\/UCDtUmeAm0jdftGAphawYGQQ\"]}]}<\/script>\n<!-- \/ Yoast SEO plugin. -->","yoast_head_json":{"title":"DECOVARTE TIPS | Decovarte","description":"En Decovarte contamos con mas de 15 a\u00f1os de experiencia en el sector del mueble. En nuestro showroom de 1.600 m2, encontrar\u00e1 la mejor selecci\u00f3n de muebles de salon, dormitorios, descanso y jardin, y todo, al mejor precio garantizado. Tu tienda de muebles y decoraci\u00f3n en Murcia.","robots":{"index":"index","follow":"follow","max-snippet":"max-snippet:-1","max-image-preview":"max-image-preview:large","max-video-preview":"max-video-preview:-1"},"canonical":"https:\/\/www.decovarte.com\/decovarte-tips\/","og_locale":"en_US","og_type":"article","og_title":"DECOVARTE TIPS | Decovarte","og_description":"En Decovarte contamos con mas de 15 a\u00f1os de experiencia en el sector del mueble. En nuestro showroom de 1.600 m2, encontrar\u00e1 la mejor selecci\u00f3n de muebles de salon, dormitorios, descanso y jardin, y todo, al mejor precio garantizado. Tu tienda de muebles y decoraci\u00f3n en Murcia.","og_url":"https:\/\/www.decovarte.com\/decovarte-tips\/","og_site_name":"Decovarte","article_publisher":"https:\/\/www.facebook.com\/decovarteinteriorismo\/","article_modified_time":"2019-12-18T09:34:47+00:00","twitter_card":"summary_large_image","twitter_misc":{"Est. reading time":"3 minutes"},"schema":{"@context":"https:\/\/schema.org","@graph":[{"@type":"WebPage","@id":"https:\/\/www.decovarte.com\/decovarte-tips\/","url":"https:\/\/www.decovarte.com\/decovarte-tips\/","name":"DECOVARTE TIPS | Decovarte","isPartOf":{"@id":"https:\/\/www.decovarte.com\/#website"},"datePublished":"2019-12-18T08:35:13+00:00","dateModified":"2019-12-18T09:34:47+00:00","description":"En Decovarte contamos con mas de 15 a\u00f1os de experiencia en el sector del mueble. En nuestro showroom de 1.600 m2, encontrar\u00e1 la mejor selecci\u00f3n de muebles de salon, dormitorios, descanso y jardin, y todo, al mejor precio garantizado. Tu tienda de muebles y decoraci\u00f3n en Murcia.","breadcrumb":{"@id":"https:\/\/www.decovarte.com\/decovarte-tips\/#breadcrumb"},"inLanguage":"en-US","potentialAction":[{"@type":"ReadAction","target":["https:\/\/www.decovarte.com\/decovarte-tips\/"]}]},{"@type":"BreadcrumbList","@id":"https:\/\/www.decovarte.com\/decovarte-tips\/#breadcrumb","itemListElement":[{"@type":"ListItem","position":1,"name":"Portada","item":"https:\/\/www.decovarte.com\/en\/"},{"@type":"ListItem","position":2,"name":"DECOVARTE TIPS"}]},{"@type":"WebSite","@id":"https:\/\/www.decovarte.com\/#website","url":"https:\/\/www.decovarte.com\/","name":"Decovarte","description":"Tienda de Muebles y Decoraci\u00f3n","publisher":{"@id":"https:\/\/www.decovarte.com\/#organization"},"potentialAction":[{"@type":"SearchAction","target":{"@type":"EntryPoint","urlTemplate":"https:\/\/www.decovarte.com\/?s={search_term_string}"},"query-input":"required name=search_term_string"}],"inLanguage":"en-US"},{"@type":"Organization","@id":"https:\/\/www.decovarte.com\/#organization","name":"Decovarte","url":"https:\/\/www.decovarte.com\/","logo":{"@type":"ImageObject","inLanguage":"en-US","@id":"https:\/\/www.decovarte.com\/#\/schema\/logo\/image\/","url":"https:\/\/www.decovarte.com\/wp-content\/uploads\/2019\/01\/logoFull512x512.jpg","contentUrl":"https:\/\/www.decovarte.com\/wp-content\/uploads\/2019\/01\/logoFull512x512.jpg","width":512,"height":512,"caption":"Decovarte"},"image":{"@id":"https:\/\/www.decovarte.com\/#\/schema\/logo\/image\/"},"sameAs":["https:\/\/www.facebook.com\/decovarteinteriorismo\/","https:\/\/www.youtube.com\/channel\/UCDtUmeAm0jdftGAphawYGQQ"]}]}},"_links":{"self":[{"href":"https:\/\/www.decovarte.com\/en\/wp-json\/wp\/v2\/pages\/5646"}],"collection":[{"href":"https:\/\/www.decovarte.com\/en\/wp-json\/wp\/v2\/pages"}],"about":[{"href":"https:\/\/www.decovarte.com\/en\/wp-json\/wp\/v2\/types\/page"}],"author":[{"embeddable":true,"href":"https:\/\/www.decovarte.com\/en\/wp-json\/wp\/v2\/users\/1"}],"replies":[{"embeddable":true,"href":"https:\/\/www.decovarte.com\/en\/wp-json\/wp\/v2\/comments?post=5646"}],"version-history":[{"count":7,"href":"https:\/\/www.decovarte.com\/en\/wp-json\/wp\/v2\/pages\/5646\/revisions"}],"predecessor-version":[{"id":6528,"href":"https:\/\/www.decovarte.com\/en\/wp-json\/wp\/v2\/pages\/5646\/revisions\/6528"}],"wp:attachment":[{"href":"https:\/\/www.decovarte.com\/en\/wp-json\/wp\/v2\/media?parent=5646"}],"curies":[{"name":"wp","href":"https:\/\/api.w.org\/{rel}","templated":true}]}}