{"id":1339,"date":"2019-05-08T09:25:55","date_gmt":"2019-05-08T09:25:55","guid":{"rendered":"https:\/\/www.decovarte.com\/company\/"},"modified":"2023-02-28T18:34:42","modified_gmt":"2023-02-28T17:34:42","slug":"company","status":"publish","type":"page","link":"https:\/\/www.decovarte.com\/en\/company\/","title":{"rendered":"Company"},"content":{"rendered":"<p><div class=\"fusion-fullwidth fullwidth-box fusion-builder-row-1 hundred-percent-fullwidth non-hundred-percent-height-scrolling\" style=\"--awb-border-radius-top-left:0px;--awb-border-radius-top-right:0px;--awb-border-radius-bottom-right:0px;--awb-border-radius-bottom-left:0px;--awb-margin-top:-60px;--awb-background-color:#8c95a3;--awb-flex-wrap:wrap;\" ><div class=\"fusion-builder-row fusion-row\"><div class=\"fusion-layout-column fusion_builder_column fusion-builder-column-0 fusion_builder_column_1_1 1_1 fusion-one-full fusion-column-first fusion-column-last\" style=\"--awb-padding-top:20px;--awb-padding-bottom:20px;--awb-bg-size:cover;\"><div class=\"fusion-column-wrapper fusion-column-has-shadow fusion-flex-column-wrapper-legacy\"><div class=\"fusion-text fusion-text-1\"><h1 style=\"text-align: center;\"><strong><span style=\"color: #ffffff;\">OUR COMPANY<\/span><\/strong><\/h1>\n<\/div><div class=\"fusion-clearfix\"><\/div><\/div><\/div><\/div><\/div><div class=\"fusion-fullwidth fullwidth-box fusion-builder-row-2 hundred-percent-fullwidth non-hundred-percent-height-scrolling\" style=\"--awb-border-radius-top-left:0px;--awb-border-radius-top-right:0px;--awb-border-radius-bottom-right:0px;--awb-border-radius-bottom-left:0px;--awb-overflow:visible;--awb-flex-wrap:wrap;\" ><div class=\"fusion-builder-row fusion-row\"><div class=\"fusion-layout-column fusion_builder_column fusion-builder-column-1 fusion_builder_column_2_3 2_3 fusion-two-third fusion-column-first\" style=\"--awb-bg-size:cover;width:66.666666666667%;width:calc(66.666666666667% - ( ( 4% ) * 0.66666666666667 ) );margin-right: 4%;\"><div class=\"fusion-column-wrapper fusion-flex-column-wrapper-legacy\"><div class=\"fusion-title title fusion-title-1 sep-underline sep-solid fusion-title-text fusion-title-size-two\"><h2 class=\"fusion-title-heading title-heading-left fusion-responsive-typography-calculated\" style=\"margin:0;--fontSize:32;line-height:1.2;\">Information about our Company<\/h2><\/div><div class=\"fusion-text fusion-text-2\"><p>Decovarte has more than 15 years of experience in the furniture sector.<\/p>\n<p>In our showroom of 1,600 m2, you will find the best selection of living room furniture, bedrooms, rest and garden, and all at the best price guaranteed.<\/p>\n<p>The elegance and modernity of our facilities have made us a reference in the sector and a must for all those who seek to find a unique style.<\/p>\n<p>Our team of interior designers will advise you to create the home of your dreams.<\/p>\n<p>From a reform, to an integral equipment, Decovarte is according to our customers, the best option.<\/p>\n<\/div><div class=\"fusion-clearfix\"><\/div><\/div><\/div><div class=\"fusion-layout-column fusion_builder_column fusion-builder-column-2 fusion_builder_column_1_3 1_3 fusion-one-third fusion-column-last\" style=\"--awb-bg-size:cover;width:33.333333333333%;width:calc(33.333333333333% - ( ( 4% ) * 0.33333333333333 ) );\"><div class=\"fusion-column-wrapper fusion-flex-column-wrapper-legacy\"><div class=\"fusion-title title fusion-title-2 sep-underline sep-solid fusion-title-text fusion-title-size-two\"><h2 class=\"fusion-title-heading title-heading-left fusion-responsive-typography-calculated\" style=\"margin:0;--fontSize:32;line-height:1.2;\">Where are we located<\/h2><\/div><div class=\"shortcode-map fusion-google-map fusion-maps-embed-type\"><iframe width=\"100%\" height=\"360px\" frameborder=\"0\" style=\"border:0\" src=\"https:\/\/www.google.com\/maps\/embed\/v1\/place?key=AIzaSyBEUVwVUhRXstJwgSdQhnb4O4h5ZnppdG0&language=en&q=Calle+Mar+Egeo,+9,+30591+Torre-Pacheco,+Murcia&maptype=roadmap&zoom=14\" allowfullscreen><\/iframe><\/div><div class=\"fusion-text fusion-text-3\"><h4>Nos encontrar\u00e1s\u00a0en el Parque Empresarial de Polaris World<\/h4>\n<p>Calle Mar Egeo, 9, 30591 Torre-Pacheco, Parque empresarial Polaris World (RM-19, junto a Balsicas), Murcia<\/p>\n<p>Web: <a href=\"https:\/\/www.decovarte.com\/en\/\" target=\"_blank\" rel=\"noopener noreferrer\">www.decovarte.com<\/a><\/p>\n<\/div><div class=\"fusion-clearfix\"><\/div><\/div><\/div><\/div><\/div><div class=\"fusion-fullwidth fullwidth-box fusion-builder-row-3 fusion-flex-container nonhundred-percent-fullwidth non-hundred-percent-height-scrolling\" style=\"--awb-border-radius-top-left:0px;--awb-border-radius-top-right:0px;--awb-border-radius-bottom-right:0px;--awb-border-radius-bottom-left:0px;--awb-padding-top:0px;--awb-padding-right:0px;--awb-padding-bottom:0px;--awb-padding-left:0px;--awb-margin-top:50px;--awb-margin-bottom:0px;--awb-background-color:var(--awb-color1);--awb-flex-wrap:wrap;\" ><div class=\"fusion-builder-row fusion-row fusion-flex-align-items-center fusion-flex-content-wrap\" style=\"max-width:1216.8px;margin-left: calc(-4% \/ 2 );margin-right: calc(-4% \/ 2 );\"><div class=\"fusion-layout-column fusion_builder_column fusion-builder-column-3 fusion_builder_column_1_1 1_1 fusion-flex-column\" style=\"--awb-bg-blend:overlay;--awb-bg-size:cover;--awb-width-large:100%;--awb-margin-top-large:15px;--awb-spacing-right-large:1.92%;--awb-margin-bottom-large:15px;--awb-spacing-left-large:1.92%;--awb-width-medium:100%;--awb-spacing-right-medium:1.92%;--awb-spacing-left-medium:1.92%;--awb-width-small:100%;--awb-spacing-right-small:1.92%;--awb-spacing-left-small:1.92%;\"><div class=\"fusion-column-wrapper fusion-flex-justify-content-flex-start fusion-content-layout-column\"><div class=\"fusion-title title fusion-title-3 fusion-sep-none fusion-title-center fusion-title-text fusion-title-size-one\" style=\"--awb-text-color:#ffffff;\"><h1 class=\"fusion-title-heading title-heading-center fusion-responsive-typography-calculated\" style=\"margin:0;--fontSize:35;line-height:1.16;\"><span style=\"color: #492449; font-family: var(--h1_typography-font-family); font-size: 1em; font-style: var(--h1_typography-font-style,normal); font-weight: var(--h1_typography-font-weight); letter-spacing: var(--h1_typography-letter-spacing); text-transform: var(--h1_typography-text-transform); background-color: var(--awb-bg-color);\">OPINI\u00d3N DE NUESTROS CLIENTES<\/span><\/h1><\/div><\/div><\/div><\/div><\/div>\n<div class=\"fusion-fullwidth fullwidth-box fusion-builder-row-4 nonhundred-percent-fullwidth non-hundred-percent-height-scrolling\" style=\"--awb-border-radius-top-left:0px;--awb-border-radius-top-right:0px;--awb-border-radius-bottom-right:0px;--awb-border-radius-bottom-left:0px;--awb-flex-wrap:wrap;\" ><div class=\"fusion-builder-row fusion-row\"><div class=\"fusion-layout-column fusion_builder_column fusion-builder-column-4 fusion_builder_column_1_1 1_1 fusion-one-full fusion-column-first fusion-column-last fusion-column-no-min-height\" style=\"--awb-bg-blend:overlay;--awb-bg-size:cover;--awb-margin-top:0px;--awb-margin-bottom:0px;\"><div class=\"fusion-column-wrapper fusion-flex-column-wrapper-legacy\"><div class=\"fusion-testimonials clean awb-speech-bubble-show fusion-testimonials-1\" style=\"--awb-textcolor:#7f8795;--awb-backgroundcolor:#ffffff;--awb-testimonial-border-style:solid;--awb-testimonial-border-color:var(--awb-color3);--awb-border-top-left-radius:0px;--awb-border-top-right-radius:0px;--awb-border-bottom-left-radius:0px;--awb-border-bottom-right-radius:0px;--testimonial-border-width-top:0px;--testimonial-border-width-right:0px;--testimonial-border-width-bottom:0px;--testimonial-border-width-left:0px;\" data-random=\"0\" data-speed=\"5000\"><div class=\"reviews\"><div class=\"review active-testimonial avatar-above female\"><div class=\"testimonial-thumbnail doe\"><\/div><blockquote class=\"testimonials-shortcode-blockquote\"><div class=\"awb-quote\"><div class=\"awb-quote-content\">Muy contenta con el cambio que dio a nuestra habitaci\u00f3n. No dudar\u00e9 en volver a contar con Decovarte.<\/div><\/div><\/blockquote><div class=\"author\"><span class=\"company-name\"><strong>Beatriz Samper Pe\u00f1alver<\/strong>, <span>Particular<\/span><\/span><\/div><\/div><div class=\"review avatar-above male\"><div class=\"testimonial-thumbnail doe\"><\/div><blockquote class=\"testimonials-shortcode-blockquote\"><div class=\"awb-quote\"><div class=\"awb-quote-content\">Fabulous modern furniture, great quality and friendly team.<\/div><\/div><\/blockquote><div class=\"author\"><span class=\"company-name\"><strong>Marshall Keene<\/strong>, <span>Particular<\/span><\/span><\/div><\/div><div class=\"review avatar-above female\"><div class=\"testimonial-thumbnail doe\"><\/div><blockquote class=\"testimonials-shortcode-blockquote\"><div class=\"awb-quote\"><div class=\"awb-quote-content\">Love my furniture from Decovarte, staff are lovely, delivery and installation excellent! Many thanks .<\/div><\/div><\/blockquote><div class=\"author\"><span class=\"company-name\"><strong>Stella McDonald<\/strong>, <span>Particular<\/span><\/span><\/div><\/div><div class=\"review avatar-above female\"><div class=\"testimonial-thumbnail doe\"><\/div><blockquote class=\"testimonials-shortcode-blockquote\"><div class=\"awb-quote\"><div class=\"awb-quote-content\">Genial, nos ayud\u00f3 a encontrar lo que buscamos y la calidad precio muy buena.<\/div><\/div><\/blockquote><div class=\"author\"><span class=\"company-name\"><strong>Conchita Mu\u00f1oz de Haro<\/strong>, <span>Particular<\/span><\/span><\/div><\/div><div class=\"review avatar-above male\"><div class=\"testimonial-thumbnail doe\"><\/div><blockquote class=\"testimonials-shortcode-blockquote\"><div class=\"awb-quote\"><div class=\"awb-quote-content\">\n<p>The most attractively laid out furniture store we\u2019ve seen in Murcia with fabulous products and knowledgeable, helpful, friendly staff. We had a 2m x 2m bed and mattress made which was delivered today well ahead of schedule. The delivery driver and his assistant were terrific. They brought everything in carefully, took the time to assemble it properly and showed us how the pneumatic lift worked to access the under bed storage.<\/p>\n<\/div><\/div><\/blockquote><div class=\"author\"><span class=\"company-name\"><strong>Brian Moore<\/strong>, <span>Particular<\/span><\/span><\/div><\/div><div class=\"review avatar-above female\"><div class=\"testimonial-thumbnail doe\"><\/div><blockquote class=\"testimonials-shortcode-blockquote\"><div class=\"awb-quote\"><div class=\"awb-quote-content\">\u00c9ste lugar brinda todo lo que haz estado buscando y mucho m\u00e1s, su trato es muy personalizado y su ambiente logra que salgas lleno de proyectos futuros para nuestro hogar.<\/div><\/div><\/blockquote><div class=\"author\"><span class=\"company-name\"><strong>Julita De Armas Hern\u00e1ndez<\/strong>, <span>Particular<\/span><\/span><\/div><\/div><div class=\"review avatar-above female\"><div class=\"testimonial-thumbnail doe\"><\/div><blockquote class=\"testimonials-shortcode-blockquote\"><div class=\"awb-quote\"><div class=\"awb-quote-content\">Fantastic products of the highest quality! Excellent customer service \u2013 staff are so attentive and helpful! Great delivery service! Would highly recommend a visit to this place.<\/div><\/div><\/blockquote><div class=\"author\"><span class=\"company-name\"><strong>Rebeca Innes <\/strong>, <span>Particular<\/span><\/span><\/div><\/div><div class=\"review avatar-above male\"><div class=\"testimonial-thumbnail doe\"><\/div><blockquote class=\"testimonials-shortcode-blockquote\"><div class=\"awb-quote\"><div class=\"awb-quote-content\">Friendly staff who accommodated our requests. After sales care was first class too. I love my table and chairs. Thank you!<\/div><\/div><\/blockquote><div class=\"author\"><span class=\"company-name\"><strong>Ian N Gill<\/strong>, <span>Particular<\/span><\/span><\/div><\/div><div class=\"review avatar-above female\"><div class=\"testimonial-thumbnail doe\"><\/div><blockquote class=\"testimonials-shortcode-blockquote\"><div class=\"awb-quote\"><div class=\"awb-quote-content\">Wow fantastic shop would highly recommend just had furniture delivered from here extremely pleased, Yana couldn\u2019t have been more helpful. Please go and visit you won\u2019t be disappointed.<\/div><\/div><\/blockquote><div class=\"author\"><span class=\"company-name\"><strong>Tracey Bruce<\/strong>, <span>Particular<\/span><\/span><\/div><\/div><div class=\"review avatar-above female\"><div class=\"testimonial-thumbnail doe\"><\/div><blockquote class=\"testimonials-shortcode-blockquote\"><div class=\"awb-quote\"><div class=\"awb-quote-content\">We popped into the store, just on the off chance, to look for some patio furniture a few weeks ago and the service we received was brilliant. We had our new furniture delivered and the old stuff taken away on the same afternoon! Amazing store with such beautiful furniture and staff that are really helpful. Would definitely recommend this store for anybody looking to buy new indoor\/outdoor furniture.<\/div><\/div><\/blockquote><div class=\"author\"><span class=\"company-name\"><strong>Bernadette Jones<\/strong>, <span>Particular<\/span><\/span><\/div><\/div><div class=\"review avatar-above female\"><div class=\"testimonial-thumbnail doe\"><\/div><blockquote class=\"testimonials-shortcode-blockquote\"><div class=\"awb-quote\"><div class=\"awb-quote-content\">Excellent service from Mirela and the team at Decovarte, they transformed our new tired apartment into a beautiful furnished home. We arrived to our newly purchased apartment to find all the furniture in place. Highly recommend this high quality furniture store to anyone who needs to furnish their home.<\/div><\/div><\/blockquote><div class=\"author\"><span class=\"company-name\"><strong>Linda Ward<\/strong>, <span>Particular<\/span><\/span><\/div><\/div><div class=\"review avatar-above female\"><div class=\"testimonial-thumbnail doe\"><\/div><blockquote class=\"testimonials-shortcode-blockquote\"><div class=\"awb-quote\"><div class=\"awb-quote-content\">Amazing service ! I wanted 6 bar stools to go with our new bar and Decovarte were fantastic communicating with me while I was still in the Uk and had them delivered promptly when we arrived in Spain. Thank you again for your help.<\/div><\/div><\/blockquote><div class=\"author\"><span class=\"company-name\"><strong>Elisa Farmer<\/strong>, <span>Particular<\/span><\/span><\/div><\/div><\/div><div class=\"testimonial-pagination\" id=\"fusion-testimonials-1\"><a href=\"#\" aria-label=\"Testimonial Pagination\"  class=\"activeSlide\"><\/a><a href=\"#\" aria-label=\"Testimonial Pagination\" ><\/a><a href=\"#\" aria-label=\"Testimonial Pagination\" ><\/a><a href=\"#\" aria-label=\"Testimonial Pagination\" ><\/a><a href=\"#\" aria-label=\"Testimonial Pagination\" ><\/a><a href=\"#\" aria-label=\"Testimonial Pagination\" ><\/a><a href=\"#\" aria-label=\"Testimonial Pagination\" ><\/a><a href=\"#\" aria-label=\"Testimonial Pagination\" ><\/a><a href=\"#\" aria-label=\"Testimonial Pagination\" ><\/a><a href=\"#\" aria-label=\"Testimonial Pagination\" ><\/a><a href=\"#\" aria-label=\"Testimonial Pagination\" ><\/a><a href=\"#\" aria-label=\"Testimonial Pagination\" ><\/a><\/div><\/div><div class=\"fusion-clearfix\"><\/div><\/div><\/div><\/div><\/div>\n<div class=\"fusion-fullwidth fullwidth-box fusion-builder-row-5 nonhundred-percent-fullwidth non-hundred-percent-height-scrolling\" style=\"--awb-border-radius-top-left:0px;--awb-border-radius-top-right:0px;--awb-border-radius-bottom-right:0px;--awb-border-radius-bottom-left:0px;--awb-padding-top:60px;--awb-padding-bottom:50px;--awb-margin-top:50px;--awb-margin-bottom:50px;--awb-background-color:#ababab;--awb-flex-wrap:wrap;\" ><div class=\"fusion-builder-row fusion-row\"><div class=\"fusion-layout-column fusion_builder_column fusion-builder-column-5 fusion_builder_column_1_1 1_1 fusion-one-full fusion-column-first fusion-column-last\" style=\"--awb-bg-size:cover;\"><div class=\"fusion-column-wrapper fusion-flex-column-wrapper-legacy\"><div class=\"fusion-text fusion-text-4\"><h1 style=\"text-align: center;\"><span style=\"color: #ffffff;\">THIS IS OUR COMPANY<\/span><\/h1>\n<\/div><div class=\"fusion-clearfix\"><\/div><\/div><\/div><\/div><\/div><div class=\"fusion-fullwidth fullwidth-box fusion-builder-row-6 nonhundred-percent-fullwidth non-hundred-percent-height-scrolling\" style=\"--awb-border-radius-top-left:0px;--awb-border-radius-top-right:0px;--awb-border-radius-bottom-right:0px;--awb-border-radius-bottom-left:0px;--awb-flex-wrap:wrap;\" ><div class=\"fusion-builder-row fusion-row\"><div class=\"fusion-layout-column fusion_builder_column fusion-builder-column-6 fusion_builder_column_1_1 1_1 fusion-one-full fusion-column-first fusion-column-last\" style=\"--awb-bg-image:url(&#039;https:\/\/www.decovarte.com\/wp-content\/uploads\/2019\/03\/29025820_2026954340898680_6150365813225291776_n.jpg&#039;);--awb-bg-position:center center;--awb-bg-size:cover;\"><div class=\"fusion-column-wrapper fusion-flex-column-wrapper-legacy fusion-empty-column-bg-image fusion-column-has-bg-image\" data-bg-url=\"https:\/\/www.decovarte.com\/wp-content\/uploads\/2019\/03\/29025820_2026954340898680_6150365813225291776_n.jpg\"><img decoding=\"async\" class=\"fusion-empty-dims-img-placeholder\" src=\"data:image\/svg+xml,%3Csvg%20xmlns%3D%27http%3A%2F%2Fwww.w3.org%2F2000%2Fsvg%27%20width%3D%27960%27%20height%3D%27514%27%20viewBox%3D%270%200%20960%20514%27%3E%3Crect%20width%3D%27960%27%20height%3D%27514%27%20fill-opacity%3D%220%22%2F%3E%3C%2Fsvg%3E\"><div class=\"fusion-clearfix\"><\/div><\/div><\/div><\/div><\/div><\/p>\n","protected":false},"excerpt":{"rendered":"","protected":false},"author":1,"featured_media":0,"parent":0,"menu_order":0,"comment_status":"closed","ping_status":"closed","template":"100-width.php","meta":{"footnotes":""},"class_list":["post-1339","page","type-page","status-publish","hentry"],"yoast_head":"<!-- This site is optimized with the Yoast SEO plugin v27.5 - https:\/\/yoast.com\/product\/yoast-seo-wordpress\/ -->\n<title>Company | Decovarte<\/title>\n<meta name=\"description\" content=\"En Decovarte contamos con mas de 15 a\u00f1os de experiencia en el sector del mueble. En nuestro showroom de 1.600 m2, encontrar\u00e1 la mejor selecci\u00f3n de muebles de salon, dormitorios, descanso y jardin, y todo, al mejor precio garantizado. Tu tienda de muebles y decoraci\u00f3n en Murcia.\" \/>\n<meta name=\"robots\" content=\"index, follow, max-snippet:-1, max-image-preview:large, max-video-preview:-1\" \/>\n<link rel=\"canonical\" href=\"https:\/\/www.decovarte.com\/en\/company\/\" \/>\n<meta property=\"og:locale\" content=\"en_US\" \/>\n<meta property=\"og:type\" content=\"article\" \/>\n<meta property=\"og:title\" content=\"Company | Decovarte\" \/>\n<meta property=\"og:description\" content=\"En Decovarte contamos con mas de 15 a\u00f1os de experiencia en el sector del mueble. En nuestro showroom de 1.600 m2, encontrar\u00e1 la mejor selecci\u00f3n de muebles de salon, dormitorios, descanso y jardin, y todo, al mejor precio garantizado. Tu tienda de muebles y decoraci\u00f3n en Murcia.\" \/>\n<meta property=\"og:url\" content=\"https:\/\/www.decovarte.com\/en\/company\/\" \/>\n<meta property=\"og:site_name\" content=\"Decovarte\" \/>\n<meta property=\"article:publisher\" content=\"https:\/\/www.facebook.com\/decovarteinteriorismo\/\" \/>\n<meta property=\"article:modified_time\" content=\"2023-02-28T17:34:42+00:00\" \/>\n<meta name=\"twitter:card\" content=\"summary_large_image\" \/>\n<meta name=\"twitter:label1\" content=\"Est. reading time\" \/>\n\t<meta name=\"twitter:data1\" content=\"5 minutes\" \/>\n<script type=\"application\/ld+json\" class=\"yoast-schema-graph\">{\"@context\":\"https:\\\/\\\/schema.org\",\"@graph\":[{\"@type\":\"WebPage\",\"@id\":\"https:\\\/\\\/www.decovarte.com\\\/en\\\/company\\\/\",\"url\":\"https:\\\/\\\/www.decovarte.com\\\/en\\\/company\\\/\",\"name\":\"Company | Decovarte\",\"isPartOf\":{\"@id\":\"https:\\\/\\\/www.decovarte.com\\\/#website\"},\"datePublished\":\"2019-05-08T09:25:55+00:00\",\"dateModified\":\"2023-02-28T17:34:42+00:00\",\"description\":\"En Decovarte contamos con mas de 15 a\u00f1os de experiencia en el sector del mueble. En nuestro showroom de 1.600 m2, encontrar\u00e1 la mejor selecci\u00f3n de muebles de salon, dormitorios, descanso y jardin, y todo, al mejor precio garantizado. Tu tienda de muebles y decoraci\u00f3n en Murcia.\",\"breadcrumb\":{\"@id\":\"https:\\\/\\\/www.decovarte.com\\\/en\\\/company\\\/#breadcrumb\"},\"inLanguage\":\"en-US\",\"potentialAction\":[{\"@type\":\"ReadAction\",\"target\":[\"https:\\\/\\\/www.decovarte.com\\\/en\\\/company\\\/\"]}]},{\"@type\":\"BreadcrumbList\",\"@id\":\"https:\\\/\\\/www.decovarte.com\\\/en\\\/company\\\/#breadcrumb\",\"itemListElement\":[{\"@type\":\"ListItem\",\"position\":1,\"name\":\"Portada\",\"item\":\"https:\\\/\\\/www.decovarte.com\\\/en\\\/\"},{\"@type\":\"ListItem\",\"position\":2,\"name\":\"Company\"}]},{\"@type\":\"WebSite\",\"@id\":\"https:\\\/\\\/www.decovarte.com\\\/#website\",\"url\":\"https:\\\/\\\/www.decovarte.com\\\/\",\"name\":\"Decovarte\",\"description\":\"Tienda de Muebles y Decoraci\u00f3n\",\"publisher\":{\"@id\":\"https:\\\/\\\/www.decovarte.com\\\/#organization\"},\"potentialAction\":[{\"@type\":\"SearchAction\",\"target\":{\"@type\":\"EntryPoint\",\"urlTemplate\":\"https:\\\/\\\/www.decovarte.com\\\/?s={search_term_string}\"},\"query-input\":{\"@type\":\"PropertyValueSpecification\",\"valueRequired\":true,\"valueName\":\"search_term_string\"}}],\"inLanguage\":\"en-US\"},{\"@type\":\"Organization\",\"@id\":\"https:\\\/\\\/www.decovarte.com\\\/#organization\",\"name\":\"Decovarte\",\"url\":\"https:\\\/\\\/www.decovarte.com\\\/\",\"logo\":{\"@type\":\"ImageObject\",\"inLanguage\":\"en-US\",\"@id\":\"https:\\\/\\\/www.decovarte.com\\\/#\\\/schema\\\/logo\\\/image\\\/\",\"url\":\"https:\\\/\\\/www.decovarte.com\\\/wp-content\\\/uploads\\\/2019\\\/01\\\/logoFull512x512.jpg\",\"contentUrl\":\"https:\\\/\\\/www.decovarte.com\\\/wp-content\\\/uploads\\\/2019\\\/01\\\/logoFull512x512.jpg\",\"width\":512,\"height\":512,\"caption\":\"Decovarte\"},\"image\":{\"@id\":\"https:\\\/\\\/www.decovarte.com\\\/#\\\/schema\\\/logo\\\/image\\\/\"},\"sameAs\":[\"https:\\\/\\\/www.facebook.com\\\/decovarteinteriorismo\\\/\",\"https:\\\/\\\/www.youtube.com\\\/channel\\\/UCDtUmeAm0jdftGAphawYGQQ\"]}]}<\/script>\n<!-- \/ Yoast SEO plugin. -->","yoast_head_json":{"title":"Company | Decovarte","description":"En Decovarte contamos con mas de 15 a\u00f1os de experiencia en el sector del mueble. En nuestro showroom de 1.600 m2, encontrar\u00e1 la mejor selecci\u00f3n de muebles de salon, dormitorios, descanso y jardin, y todo, al mejor precio garantizado. Tu tienda de muebles y decoraci\u00f3n en Murcia.","robots":{"index":"index","follow":"follow","max-snippet":"max-snippet:-1","max-image-preview":"max-image-preview:large","max-video-preview":"max-video-preview:-1"},"canonical":"https:\/\/www.decovarte.com\/en\/company\/","og_locale":"en_US","og_type":"article","og_title":"Company | Decovarte","og_description":"En Decovarte contamos con mas de 15 a\u00f1os de experiencia en el sector del mueble. En nuestro showroom de 1.600 m2, encontrar\u00e1 la mejor selecci\u00f3n de muebles de salon, dormitorios, descanso y jardin, y todo, al mejor precio garantizado. Tu tienda de muebles y decoraci\u00f3n en Murcia.","og_url":"https:\/\/www.decovarte.com\/en\/company\/","og_site_name":"Decovarte","article_publisher":"https:\/\/www.facebook.com\/decovarteinteriorismo\/","article_modified_time":"2023-02-28T17:34:42+00:00","twitter_card":"summary_large_image","twitter_misc":{"Est. reading time":"5 minutes"},"schema":{"@context":"https:\/\/schema.org","@graph":[{"@type":"WebPage","@id":"https:\/\/www.decovarte.com\/en\/company\/","url":"https:\/\/www.decovarte.com\/en\/company\/","name":"Company | Decovarte","isPartOf":{"@id":"https:\/\/www.decovarte.com\/#website"},"datePublished":"2019-05-08T09:25:55+00:00","dateModified":"2023-02-28T17:34:42+00:00","description":"En Decovarte contamos con mas de 15 a\u00f1os de experiencia en el sector del mueble. En nuestro showroom de 1.600 m2, encontrar\u00e1 la mejor selecci\u00f3n de muebles de salon, dormitorios, descanso y jardin, y todo, al mejor precio garantizado. Tu tienda de muebles y decoraci\u00f3n en Murcia.","breadcrumb":{"@id":"https:\/\/www.decovarte.com\/en\/company\/#breadcrumb"},"inLanguage":"en-US","potentialAction":[{"@type":"ReadAction","target":["https:\/\/www.decovarte.com\/en\/company\/"]}]},{"@type":"BreadcrumbList","@id":"https:\/\/www.decovarte.com\/en\/company\/#breadcrumb","itemListElement":[{"@type":"ListItem","position":1,"name":"Portada","item":"https:\/\/www.decovarte.com\/en\/"},{"@type":"ListItem","position":2,"name":"Company"}]},{"@type":"WebSite","@id":"https:\/\/www.decovarte.com\/#website","url":"https:\/\/www.decovarte.com\/","name":"Decovarte","description":"Tienda de Muebles y Decoraci\u00f3n","publisher":{"@id":"https:\/\/www.decovarte.com\/#organization"},"potentialAction":[{"@type":"SearchAction","target":{"@type":"EntryPoint","urlTemplate":"https:\/\/www.decovarte.com\/?s={search_term_string}"},"query-input":{"@type":"PropertyValueSpecification","valueRequired":true,"valueName":"search_term_string"}}],"inLanguage":"en-US"},{"@type":"Organization","@id":"https:\/\/www.decovarte.com\/#organization","name":"Decovarte","url":"https:\/\/www.decovarte.com\/","logo":{"@type":"ImageObject","inLanguage":"en-US","@id":"https:\/\/www.decovarte.com\/#\/schema\/logo\/image\/","url":"https:\/\/www.decovarte.com\/wp-content\/uploads\/2019\/01\/logoFull512x512.jpg","contentUrl":"https:\/\/www.decovarte.com\/wp-content\/uploads\/2019\/01\/logoFull512x512.jpg","width":512,"height":512,"caption":"Decovarte"},"image":{"@id":"https:\/\/www.decovarte.com\/#\/schema\/logo\/image\/"},"sameAs":["https:\/\/www.facebook.com\/decovarteinteriorismo\/","https:\/\/www.youtube.com\/channel\/UCDtUmeAm0jdftGAphawYGQQ"]}]}},"_links":{"self":[{"href":"https:\/\/www.decovarte.com\/en\/wp-json\/wp\/v2\/pages\/1339","targetHints":{"allow":["GET"]}}],"collection":[{"href":"https:\/\/www.decovarte.com\/en\/wp-json\/wp\/v2\/pages"}],"about":[{"href":"https:\/\/www.decovarte.com\/en\/wp-json\/wp\/v2\/types\/page"}],"author":[{"embeddable":true,"href":"https:\/\/www.decovarte.com\/en\/wp-json\/wp\/v2\/users\/1"}],"replies":[{"embeddable":true,"href":"https:\/\/www.decovarte.com\/en\/wp-json\/wp\/v2\/comments?post=1339"}],"version-history":[{"count":7,"href":"https:\/\/www.decovarte.com\/en\/wp-json\/wp\/v2\/pages\/1339\/revisions"}],"predecessor-version":[{"id":10360,"href":"https:\/\/www.decovarte.com\/en\/wp-json\/wp\/v2\/pages\/1339\/revisions\/10360"}],"wp:attachment":[{"href":"https:\/\/www.decovarte.com\/en\/wp-json\/wp\/v2\/media?parent=1339"}],"curies":[{"name":"wp","href":"https:\/\/api.w.org\/{rel}","templated":true}]}}