{"id":1336,"date":"2019-05-08T09:20:55","date_gmt":"2019-05-08T09:20:55","guid":{"rendered":"https:\/\/www.decovarte.com\/contact\/"},"modified":"2020-02-13T20:05:49","modified_gmt":"2020-02-13T19:05:49","slug":"contact","status":"publish","type":"page","link":"https:\/\/www.decovarte.com\/en\/contact\/","title":{"rendered":"Contact"},"content":{"rendered":"<div class=\"fusion-fullwidth fullwidth-box fusion-builder-row-1 hundred-percent-fullwidth non-hundred-percent-height-scrolling\" style=\"--awb-border-radius-top-left:0px;--awb-border-radius-top-right:0px;--awb-border-radius-bottom-right:0px;--awb-border-radius-bottom-left:0px;--awb-overflow:visible;--awb-flex-wrap:wrap;\" ><div class=\"fusion-builder-row fusion-row\"><div class=\"fusion-layout-column fusion_builder_column fusion-builder-column-0 fusion_builder_column_1_1 1_1 fusion-one-full fusion-column-first fusion-column-last fusion-column-no-min-height\" style=\"--awb-bg-size:cover;--awb-margin-top:0px;--awb-margin-bottom:0px;\"><div class=\"fusion-column-wrapper fusion-flex-column-wrapper-legacy\"><div class=\"fusion-title title fusion-title-1 sep-underline sep-solid fusion-title-text fusion-title-size-two\"><h2 class=\"fusion-title-heading title-heading-left fusion-responsive-typography-calculated\" style=\"margin:0;--fontSize:32;line-height:1.2;\">We would love to know more about you, contact us!<\/h2><\/div><div class=\"fusion-clearfix\"><\/div><\/div><\/div><div class=\"fusion-layout-column fusion_builder_column fusion-builder-column-1 fusion_builder_column_1_1 1_1 fusion-one-full fusion-column-first fusion-column-last fusion-column-no-min-height\" style=\"--awb-bg-size:cover;--awb-margin-top:0px;--awb-margin-bottom:0px;\"><div class=\"fusion-column-wrapper fusion-flex-column-wrapper-legacy\"><div class=\"fusion-text fusion-text-1\"><p>Visit our Showroom, see the furniture that we have in our facilities and get an idea of how we work.Our brand has become a must in the furniture sector. The professionals we work with will be willing to help you in everything you need. Our goal is always to improve and excel, that is the reason why today we have a consolidated reputation in the area.<\/p>\n<ul>\n<li><em>Client-<\/em> If you want to ask us any <strong>question<\/strong> as a client, please contact us.<\/li>\n<li><em>Professional-<\/em> If you are a professional in the sector and want to <strong>work<\/strong> with us, please consult us.<\/li>\n<\/ul>\n<h4 data-fontsize=\"28\" data-lineheight=\"35\"><strong>Address:<\/strong><\/h4>\n<p data-fontsize=\"22\" data-lineheight=\"28\">Parque Empresarial de Polaris World<\/p>\n<p>Calle Mar Egeo, 9, 30591 Torre-Pacheco, Parque Empresarial Polaris World (RM-19 near Balsicas), Muria, Spain<\/p>\n<p><strong>Phone Number:<\/strong> <a href=\"tel:+34%20968%20935%20716\">+ 34 968 935 716<\/a> <strong>Mobile Phone:<\/strong> <a href=\"http:\/\/+34%20634%20733%20590\">+ 34 634 733 590<\/a><\/p>\n<\/div><div class=\"fusion-sep-clear\"><\/div><div class=\"fusion-separator fusion-full-width-sep\" style=\"margin-left: auto;margin-right: auto;margin-top:20px;width:100%;\"><\/div><div class=\"fusion-sep-clear\"><\/div><div class=\"fusion-clearfix\"><\/div><\/div><\/div><\/div><\/div>\n","protected":false},"excerpt":{"rendered":"","protected":false},"author":1,"featured_media":0,"parent":0,"menu_order":0,"comment_status":"closed","ping_status":"closed","template":"contact.php","meta":{"footnotes":""},"class_list":["post-1336","page","type-page","status-publish","hentry"],"yoast_head":"<!-- This site is optimized with the Yoast SEO plugin v27.5 - https:\/\/yoast.com\/product\/yoast-seo-wordpress\/ -->\n<title>Contact | Decovarte<\/title>\n<meta name=\"description\" content=\"En Decovarte contamos con mas de 15 a\u00f1os de experiencia en el sector del mueble. En nuestro showroom de 1.600 m2, encontrar\u00e1 la mejor selecci\u00f3n de muebles de salon, dormitorios, descanso y jardin, y todo, al mejor precio garantizado. Tu tienda de muebles y decoraci\u00f3n en Murcia.\" \/>\n<meta name=\"robots\" content=\"index, follow, max-snippet:-1, max-image-preview:large, max-video-preview:-1\" \/>\n<link rel=\"canonical\" href=\"https:\/\/www.decovarte.com\/contact\/\" \/>\n<meta property=\"og:locale\" content=\"en_US\" \/>\n<meta property=\"og:type\" content=\"article\" \/>\n<meta property=\"og:title\" content=\"Contact | Decovarte\" \/>\n<meta property=\"og:description\" content=\"En Decovarte contamos con mas de 15 a\u00f1os de experiencia en el sector del mueble. En nuestro showroom de 1.600 m2, encontrar\u00e1 la mejor selecci\u00f3n de muebles de salon, dormitorios, descanso y jardin, y todo, al mejor precio garantizado. Tu tienda de muebles y decoraci\u00f3n en Murcia.\" \/>\n<meta property=\"og:url\" content=\"https:\/\/www.decovarte.com\/contact\/\" \/>\n<meta property=\"og:site_name\" content=\"Decovarte\" \/>\n<meta property=\"article:publisher\" content=\"https:\/\/www.facebook.com\/decovarteinteriorismo\/\" \/>\n<meta property=\"article:modified_time\" content=\"2020-02-13T19:05:49+00:00\" \/>\n<meta name=\"twitter:card\" content=\"summary_large_image\" \/>\n<meta name=\"twitter:label1\" content=\"Est. reading time\" \/>\n\t<meta name=\"twitter:data1\" content=\"2 minutes\" \/>\n<script type=\"application\/ld+json\" class=\"yoast-schema-graph\">{\"@context\":\"https:\\\/\\\/schema.org\",\"@graph\":[{\"@type\":\"WebPage\",\"@id\":\"https:\\\/\\\/www.decovarte.com\\\/contact\\\/\",\"url\":\"https:\\\/\\\/www.decovarte.com\\\/contact\\\/\",\"name\":\"Contact | Decovarte\",\"isPartOf\":{\"@id\":\"https:\\\/\\\/www.decovarte.com\\\/#website\"},\"datePublished\":\"2019-05-08T09:20:55+00:00\",\"dateModified\":\"2020-02-13T19:05:49+00:00\",\"description\":\"En Decovarte contamos con mas de 15 a\u00f1os de experiencia en el sector del mueble. En nuestro showroom de 1.600 m2, encontrar\u00e1 la mejor selecci\u00f3n de muebles de salon, dormitorios, descanso y jardin, y todo, al mejor precio garantizado. Tu tienda de muebles y decoraci\u00f3n en Murcia.\",\"breadcrumb\":{\"@id\":\"https:\\\/\\\/www.decovarte.com\\\/contact\\\/#breadcrumb\"},\"inLanguage\":\"en-US\",\"potentialAction\":[{\"@type\":\"ReadAction\",\"target\":[\"https:\\\/\\\/www.decovarte.com\\\/contact\\\/\"]}]},{\"@type\":\"BreadcrumbList\",\"@id\":\"https:\\\/\\\/www.decovarte.com\\\/contact\\\/#breadcrumb\",\"itemListElement\":[{\"@type\":\"ListItem\",\"position\":1,\"name\":\"Portada\",\"item\":\"https:\\\/\\\/www.decovarte.com\\\/en\\\/\"},{\"@type\":\"ListItem\",\"position\":2,\"name\":\"Contact\"}]},{\"@type\":\"WebSite\",\"@id\":\"https:\\\/\\\/www.decovarte.com\\\/#website\",\"url\":\"https:\\\/\\\/www.decovarte.com\\\/\",\"name\":\"Decovarte\",\"description\":\"Tienda de Muebles y Decoraci\u00f3n\",\"publisher\":{\"@id\":\"https:\\\/\\\/www.decovarte.com\\\/#organization\"},\"potentialAction\":[{\"@type\":\"SearchAction\",\"target\":{\"@type\":\"EntryPoint\",\"urlTemplate\":\"https:\\\/\\\/www.decovarte.com\\\/?s={search_term_string}\"},\"query-input\":{\"@type\":\"PropertyValueSpecification\",\"valueRequired\":true,\"valueName\":\"search_term_string\"}}],\"inLanguage\":\"en-US\"},{\"@type\":\"Organization\",\"@id\":\"https:\\\/\\\/www.decovarte.com\\\/#organization\",\"name\":\"Decovarte\",\"url\":\"https:\\\/\\\/www.decovarte.com\\\/\",\"logo\":{\"@type\":\"ImageObject\",\"inLanguage\":\"en-US\",\"@id\":\"https:\\\/\\\/www.decovarte.com\\\/#\\\/schema\\\/logo\\\/image\\\/\",\"url\":\"https:\\\/\\\/www.decovarte.com\\\/wp-content\\\/uploads\\\/2019\\\/01\\\/logoFull512x512.jpg\",\"contentUrl\":\"https:\\\/\\\/www.decovarte.com\\\/wp-content\\\/uploads\\\/2019\\\/01\\\/logoFull512x512.jpg\",\"width\":512,\"height\":512,\"caption\":\"Decovarte\"},\"image\":{\"@id\":\"https:\\\/\\\/www.decovarte.com\\\/#\\\/schema\\\/logo\\\/image\\\/\"},\"sameAs\":[\"https:\\\/\\\/www.facebook.com\\\/decovarteinteriorismo\\\/\",\"https:\\\/\\\/www.youtube.com\\\/channel\\\/UCDtUmeAm0jdftGAphawYGQQ\"]}]}<\/script>\n<!-- \/ Yoast SEO plugin. -->","yoast_head_json":{"title":"Contact | Decovarte","description":"En Decovarte contamos con mas de 15 a\u00f1os de experiencia en el sector del mueble. En nuestro showroom de 1.600 m2, encontrar\u00e1 la mejor selecci\u00f3n de muebles de salon, dormitorios, descanso y jardin, y todo, al mejor precio garantizado. Tu tienda de muebles y decoraci\u00f3n en Murcia.","robots":{"index":"index","follow":"follow","max-snippet":"max-snippet:-1","max-image-preview":"max-image-preview:large","max-video-preview":"max-video-preview:-1"},"canonical":"https:\/\/www.decovarte.com\/contact\/","og_locale":"en_US","og_type":"article","og_title":"Contact | Decovarte","og_description":"En Decovarte contamos con mas de 15 a\u00f1os de experiencia en el sector del mueble. En nuestro showroom de 1.600 m2, encontrar\u00e1 la mejor selecci\u00f3n de muebles de salon, dormitorios, descanso y jardin, y todo, al mejor precio garantizado. Tu tienda de muebles y decoraci\u00f3n en Murcia.","og_url":"https:\/\/www.decovarte.com\/contact\/","og_site_name":"Decovarte","article_publisher":"https:\/\/www.facebook.com\/decovarteinteriorismo\/","article_modified_time":"2020-02-13T19:05:49+00:00","twitter_card":"summary_large_image","twitter_misc":{"Est. reading time":"2 minutes"},"schema":{"@context":"https:\/\/schema.org","@graph":[{"@type":"WebPage","@id":"https:\/\/www.decovarte.com\/contact\/","url":"https:\/\/www.decovarte.com\/contact\/","name":"Contact | Decovarte","isPartOf":{"@id":"https:\/\/www.decovarte.com\/#website"},"datePublished":"2019-05-08T09:20:55+00:00","dateModified":"2020-02-13T19:05:49+00:00","description":"En Decovarte contamos con mas de 15 a\u00f1os de experiencia en el sector del mueble. En nuestro showroom de 1.600 m2, encontrar\u00e1 la mejor selecci\u00f3n de muebles de salon, dormitorios, descanso y jardin, y todo, al mejor precio garantizado. Tu tienda de muebles y decoraci\u00f3n en Murcia.","breadcrumb":{"@id":"https:\/\/www.decovarte.com\/contact\/#breadcrumb"},"inLanguage":"en-US","potentialAction":[{"@type":"ReadAction","target":["https:\/\/www.decovarte.com\/contact\/"]}]},{"@type":"BreadcrumbList","@id":"https:\/\/www.decovarte.com\/contact\/#breadcrumb","itemListElement":[{"@type":"ListItem","position":1,"name":"Portada","item":"https:\/\/www.decovarte.com\/en\/"},{"@type":"ListItem","position":2,"name":"Contact"}]},{"@type":"WebSite","@id":"https:\/\/www.decovarte.com\/#website","url":"https:\/\/www.decovarte.com\/","name":"Decovarte","description":"Tienda de Muebles y Decoraci\u00f3n","publisher":{"@id":"https:\/\/www.decovarte.com\/#organization"},"potentialAction":[{"@type":"SearchAction","target":{"@type":"EntryPoint","urlTemplate":"https:\/\/www.decovarte.com\/?s={search_term_string}"},"query-input":{"@type":"PropertyValueSpecification","valueRequired":true,"valueName":"search_term_string"}}],"inLanguage":"en-US"},{"@type":"Organization","@id":"https:\/\/www.decovarte.com\/#organization","name":"Decovarte","url":"https:\/\/www.decovarte.com\/","logo":{"@type":"ImageObject","inLanguage":"en-US","@id":"https:\/\/www.decovarte.com\/#\/schema\/logo\/image\/","url":"https:\/\/www.decovarte.com\/wp-content\/uploads\/2019\/01\/logoFull512x512.jpg","contentUrl":"https:\/\/www.decovarte.com\/wp-content\/uploads\/2019\/01\/logoFull512x512.jpg","width":512,"height":512,"caption":"Decovarte"},"image":{"@id":"https:\/\/www.decovarte.com\/#\/schema\/logo\/image\/"},"sameAs":["https:\/\/www.facebook.com\/decovarteinteriorismo\/","https:\/\/www.youtube.com\/channel\/UCDtUmeAm0jdftGAphawYGQQ"]}]}},"_links":{"self":[{"href":"https:\/\/www.decovarte.com\/en\/wp-json\/wp\/v2\/pages\/1336","targetHints":{"allow":["GET"]}}],"collection":[{"href":"https:\/\/www.decovarte.com\/en\/wp-json\/wp\/v2\/pages"}],"about":[{"href":"https:\/\/www.decovarte.com\/en\/wp-json\/wp\/v2\/types\/page"}],"author":[{"embeddable":true,"href":"https:\/\/www.decovarte.com\/en\/wp-json\/wp\/v2\/users\/1"}],"replies":[{"embeddable":true,"href":"https:\/\/www.decovarte.com\/en\/wp-json\/wp\/v2\/comments?post=1336"}],"version-history":[{"count":2,"href":"https:\/\/www.decovarte.com\/en\/wp-json\/wp\/v2\/pages\/1336\/revisions"}],"predecessor-version":[{"id":7333,"href":"https:\/\/www.decovarte.com\/en\/wp-json\/wp\/v2\/pages\/1336\/revisions\/7333"}],"wp:attachment":[{"href":"https:\/\/www.decovarte.com\/en\/wp-json\/wp\/v2\/media?parent=1336"}],"curies":[{"name":"wp","href":"https:\/\/api.w.org\/{rel}","templated":true}]}}